{"id":716,"date":"2017-02-07T18:13:08","date_gmt":"2017-02-07T18:13:08","guid":{"rendered":"http:\/\/dhumanidades.xoc.uam.mx\/?page_id=716"},"modified":"2017-02-07T19:28:39","modified_gmt":"2017-02-07T19:28:39","slug":"dra-clementina-battcock","status":"publish","type":"page","link":"https:\/\/dhumanidades.xoc.uam.mx\/?page_id=716","title":{"rendered":"Dra. Clementina Battcock"},"content":{"rendered":"<p>&nbsp;<br \/>\n&nbsp;<br \/>\n&nbsp;<br \/>\n&nbsp;<\/p>\n<p><a href=\"https:\/\/dhumanidades.xoc.uam.mx\/wp-content\/uploads\/2017\/02\/clementina.jpg\"><img loading=\"lazy\" decoding=\"async\" class=\"alignleft wp-image-370 size-medium\" src=\"https:\/\/dhumanidades.xoc.uam.mx\/wp-content\/uploads\/2017\/02\/clementina.jpg\" alt=\"Dr. Mario Rufer\" width=\"190\" height=\"300\" \/><\/a><\/p>\n<p style=\"color: #000000; text-align: left; font-size: 16px;\">Doctora en historia por la UNAM (2008). Realiz\u00f3 una estancia posdoctoral en el Centro de Investigaciones sobre Am\u00e9rica Latina y el Caribe en la UNAM. Es profesora- investigadora titular B de la Direcci\u00f3n de Estudios Hist\u00f3ricos del Instituto Nacional de Antropolog\u00eda e Historia (INAH). Miembro del Sistema Nacional de Investigadores, nivel I del Consejo Nacional de Ciencia y Tecnolog\u00eda (Conacyt). Miembro del Comit\u00e9-evaluador de la Olimpiada mexicana de la Historia de la Academia mexicana de Ciencias e integra los padrones de los Posgrados de Historia, Historia del Arte, Estudios Mesoamericanos y Estudios Latinoamericanos de la UNAM. Ha desarrollado actividades docentes en los posgrados de Estudios Mesoamericanos UNAM, Posgrado en Historia y Etnohistoria ENAH-INAH, Doctorado en la Facultad de Humanidades y Artes-UNR, Argentina. Es profesora en la Licenciatura de Etnohistoria de la Escuela Nacional de Antropolog\u00eda e Historia, en el Colegio de Historia en la Facultad de Filosof\u00eda y Letras de la UNAM.<\/p>\n<p>&nbsp;<br \/>\n&nbsp;<br \/>\n&nbsp;<br \/>\n&nbsp;<\/p>\n\n        <div class=\"panel panel-bordered mg-b\" style=\"border-color: #00486a\">\n            \n                <div class=\"panel-heading\" style=\"background-color: #00486a; border-color: #00486a\">L\u00edneas de investigaci\u00f3n<\/div>\n                <div class=\"panel-body\">\n                    <\/p>\n<ul>\n<li>Historiograf\u00edas de tradici\u00f3n ind\u00edgena andina y novohispana<\/li>\n<\/ul>\n<p>\n                <\/div>\n            \n        <\/div>\n    \n<p>&nbsp;<\/p>\n\n        <div class=\"panel panel-bordered mg-b\" style=\"border-color: #00486a\">\n            \n                <div class=\"panel-heading\" style=\"background-color: #00486a; border-color: #00486a\">Publicaciones relevantes<\/div>\n                <div class=\"panel-body\">\n                    \n<ul>\n<li>(2016c) Clementina Battcock y Maribel Aguilar, \u201cLa creaci\u00f3n en la memoria oficial mexicana de un modelo de justicia prehisp\u00e1nica: Nezahualcoyotl Acolmiztli\u201d, Saga Revista de Letras, N\u00b0 5, Colegio de Letras, Facultad de Humanidades y Artes, Universidad Nacional de Rosario, Argentina, ISSN 2408-4409.<\/li>\n<li>(2016b) Clementina Battcock, \u201cIskay pachapa chawpimpi: el universo doble del Inca Garcilaso\u201d, Cuadernos americanos, N\u00famero 157 (julio-septiembre de 2016), M\u00e9xico, unam, Centro de Investigaciones sobre Am\u00e9rica Latina y el Caribe, pp. 63-76.ISSN 0185-156X.<\/li>\n<li>(2016b) (2016a) Clementina Battcock, \u201cRitualidad, simbolismo y representaci\u00f3n de un antiguo barrio de Tenochtitlan\u201d Revista Scripta Ethnologica, Centro Argentino de Etnolog\u00eda Americana- Consejo Nacional de Investigaciones Cient\u00edficas y T\u00e9cnicas, Vol. XXXVIII, Buenos Aires, 2016, pp. 89-104. ISSN 0325-6669 y ISSN On Line: 1669-0990.<\/li>\n<li>(2015) \u201cPara el fin que el demonio pretende: el baile y el temblor, un mal a erradicar en los Andes\u201d En: Perspectivas Latinoamericanas, Edici\u00f3n Especial, Revista del Centro de Estudios Latinoamericanos, Universidad Nanzan, Nagoya, Jap\u00f3n, diciembre 2015, pp. 56- 68. ISSN 1880-019X.<\/li>\n<\/ul>\n<p>\n                <\/div>\n            \n        <\/div>\n    <br \/>\n&nbsp;<\/p>\n\n        <div class=\"panel panel-bordered mg-b\" style=\"border-color: #00486a\">\n            \n                <div class=\"panel-heading\" style=\"background-color: #00486a; border-color: #00486a\">Sitio web<\/div>\n                <div class=\"panel-body\">\n                    <a href=\"http:\/\/inah.academia.edu\/ClementinaLisiBattcock\">http:\/\/inah.academia.edu\/ClementinaLisiBattcock<\/a>\n                <\/div>\n            \n        <\/div>\n    \n","protected":false},"excerpt":{"rendered":"<p>&nbsp; &nbsp; &nbsp; &nbsp; Doctora en historia por la UNAM (2008). Realiz\u00f3 una estancia posdoctoral en el Centro de Investigaciones sobre Am\u00e9rica Latina y el [&hellip;]<\/p>\n","protected":false},"author":1,"featured_media":690,"parent":0,"menu_order":0,"comment_status":"open","ping_status":"open","template":"template-empty-fullwidth.php","meta":{"footnotes":""},"class_list":["post-716","page","type-page","status-publish","has-post-thumbnail","hentry"],"_links":{"self":[{"href":"https:\/\/dhumanidades.xoc.uam.mx\/index.php?rest_route=\/wp\/v2\/pages\/716","targetHints":{"allow":["GET"]}}],"collection":[{"href":"https:\/\/dhumanidades.xoc.uam.mx\/index.php?rest_route=\/wp\/v2\/pages"}],"about":[{"href":"https:\/\/dhumanidades.xoc.uam.mx\/index.php?rest_route=\/wp\/v2\/types\/page"}],"author":[{"embeddable":true,"href":"https:\/\/dhumanidades.xoc.uam.mx\/index.php?rest_route=\/wp\/v2\/users\/1"}],"replies":[{"embeddable":true,"href":"https:\/\/dhumanidades.xoc.uam.mx\/index.php?rest_route=%2Fwp%2Fv2%2Fcomments&post=716"}],"version-history":[{"count":7,"href":"https:\/\/dhumanidades.xoc.uam.mx\/index.php?rest_route=\/wp\/v2\/pages\/716\/revisions"}],"predecessor-version":[{"id":804,"href":"https:\/\/dhumanidades.xoc.uam.mx\/index.php?rest_route=\/wp\/v2\/pages\/716\/revisions\/804"}],"wp:featuredmedia":[{"embeddable":true,"href":"https:\/\/dhumanidades.xoc.uam.mx\/index.php?rest_route=\/wp\/v2\/media\/690"}],"wp:attachment":[{"href":"https:\/\/dhumanidades.xoc.uam.mx\/index.php?rest_route=%2Fwp%2Fv2%2Fmedia&parent=716"}],"curies":[{"name":"wp","href":"https:\/\/api.w.org\/{rel}","templated":true}]}}