{"id":503,"date":"2017-02-06T18:29:00","date_gmt":"2017-02-06T18:29:00","guid":{"rendered":"http:\/\/dhumanidades.xoc.uam.mx\/?page_id=503"},"modified":"2019-10-29T16:25:43","modified_gmt":"2019-10-29T16:25:43","slug":"dra-paulina-aroch","status":"publish","type":"page","link":"https:\/\/dhumanidades.xoc.uam.mx\/?page_id=503","title":{"rendered":"Dra. Paulina Aroch"},"content":{"rendered":"<p><a href=\"https:\/\/dhumanidades.xoc.uam.mx\/wp-content\/uploads\/2017\/02\/Paulina-Aroch.jpg\"><img loading=\"lazy\" decoding=\"async\" class=\"alignleft size-medium wp-image-387\" src=\"https:\/\/dhumanidades.xoc.uam.mx\/wp-content\/uploads\/2017\/02\/Paulina-Aroch.jpg\" alt=\"fotoperfil\" width=\"199\" height=\"300\" \/><\/a><\/p>\n<p>Antes de ser Profesora Titular de la UAM-Cuajimalpa, fue Profesora-Investigadora Visitante en la Sociedad para las Humanidades de la Universidad de Cornell (Ithaca, Nueva York), e Investigadora J\u00fanior en el Departamento de Teor\u00eda Literaria y Literatura Comparada de la Universidad de \u00c1msterdam (Holanda). Tiene formaci\u00f3n en pr\u00e1ctica teatral y, como acad\u00e9mica, su formaci\u00f3n es en literatura inglesa, estudios de \u00c1frica, teor\u00eda cr\u00edtica y teor\u00eda poscolonial, centr\u00e1ndose en el an\u00e1lisis de discursos contempor\u00e1neos, con \u00e9nfasis en la producci\u00f3n intelectual del Sur global y en la cr\u00edtica a la ideolog\u00eda neoliberal. Ha impartido conferencias magistrales sobre estos temas en diversos foros, incluyendo el Institute for Comparative Modernities y la Universidad de Oldenburg. Su trayectoria le ha merecido el reconocimiento de instancias tales como la Real Academia de Artes y Ciencias de los Pa\u00edses Bajos (KNAW), del Sistema Nacional de Investigadores, y de la DSA-SEP.<br \/>\n\n        <div class=\"panel panel-bordered mg-b\" style=\"border-color: #00486a\">\n            \n                <div class=\"panel-heading\" style=\"background-color: #00486a; border-color: #00486a\">L\u00edneas de investigaci\u00f3n<\/div>\n                <div class=\"panel-body\">\n                    <\/p>\n<ul>\n<li>Sus l\u00edneas de investigaci\u00f3n van desde el an\u00e1lisis literario en sentido estricto hasta el an\u00e1lisis de pr\u00e1cticas discursivas en su sentido m\u00e1s amplio (discursos te\u00f3ricos, art\u00edsticos e ideol\u00f3gicos). Como preocupaci\u00f3n central, Aroch interroga la relaci\u00f3n entre la producci\u00f3n literaria, art\u00edstica e intelectual de \u2013y sobre\u2013 la periferia global y sus contextos de producci\u00f3n y circulaci\u00f3n en la actualidad. Un tema dominante a lo largo de su trayectoria ha sido la problem\u00e1tica de la constituci\u00f3n del sujeto a trav\u00e9s del acceso desigual a la posibilidad de enunciaci\u00f3n: posibilidad modulada por configuraciones geopol\u00edticamente espec\u00edficas de clase, raza y g\u00e9nero. Su trabajo m\u00e1s reciente combina la pr\u00e1ctica teatral con la teor\u00eda cr\u00edtica para explorar, en la praxis, las dial\u00e9cticas que enlazan las estructuras internas y externas de poder, as\u00ed como para para interrogar la comodificaci\u00f3n del pensar en la academia neoliberal. Aroch busca desarrollar una metodolog\u00eda que, sin dejar de ser rigurosa, sea interdisciplinaria, combinando cr\u00edticamente las herramientas de la literatura, la econom\u00eda pol\u00edtica, el teatro, los estudios poscoloniales, el an\u00e1lisis cultural, la teor\u00eda cr\u00edtica y el psicoan\u00e1lisis.<\/li>\n<\/ul>\n<p>\n                <\/div>\n            \n        <\/div>\n    <\/p>\n<p>&nbsp;<\/p>\n\n        <div class=\"panel panel-bordered mg-b\" style=\"border-color: #00486a\">\n            \n                <div class=\"panel-heading\" style=\"background-color: #00486a; border-color: #00486a\">Publicaciones recientes<\/div>\n                <div class=\"panel-body\">\n                    <\/p>\n<ul>\n<li>Ha publicado dos libros de autora: <em>Shylock y el socialismo africano: El Shakespeare poscolonial de Julius Nyerere<\/em> (UAM-C y Universidad del Rosario, Colombia, 2019) y <em>Promesas irrealizadas: El sujeto del discurso poscolonial y la nueva divisi\u00f3n internacional del trabajo<\/em> (Siglo XXI et al., 2015).<\/li>\n<li>Como editora, cuenta con dos vol\u00famenes: <em>Marx, Semiotics and Political Praxis<\/em> (n\u00famero especial de <em>Open Cultural Studies<\/em>, 2018) y <em>Das Kapital. Marx, actualidad y cr\u00edtica<\/em> (con Gallegos, Madureira y Victoriano, Siglo XXI\/UAM-C, 2019).<\/li>\n<li>Cuenta adem\u00e1s con una treintena de otras publicaciones, la mayor\u00eda de estas art\u00edculos en revistas indexadas y cap\u00edtulos de libros arbitrados de circulaci\u00f3n internacional. Entre ellas destacan: \u201cPeriphery\u201d, en Marc Botha y Patricia Waugh (eds.), <em>Future Theory: A Bloomsbury Handbook to Critical Concepts<\/em>, Londres, Nueva York, Oxford, Nueva Delhi y S\u00eddney: Bloomsbury Academic, 2020.<\/li>\n<li>\u00abReflections on the Transformation in Mexico\u201d (con Br\u00edan Hanrahan), <em>Journal of Latin American Cultural Studies<\/em>, 2018.<\/li>\n<li>\u201cThe Dialectics of Illusion (Around Background Story 7)\u201d, en Timothy Murray y Xu Bing (eds.), <em>Critical Essays on Xu Bing\u2019s Background Stories and his Oeuvre<\/em>, Beijing: Life Bookstore Publishing Co, 2016.<\/li>\n<li>\u201cAfrica and Neoliberal Circuits of Intellectual Value Production. Thinking through the Work of Issa Shivji\u201d, en Arno Sonderegger (ed.), <em>African Thoughts on Colonial and Neo-Colonial Worlds: Facets of an Intellectual History of Africa<\/em>, Berl\u00edn: Neofelis Verlag, 2015.<\/li>\n<li>\u201cLeverage: The Art of the Mexican Student Movement\u201d, en <em>Journal of Latin American Cultural Studies<\/em>, vol. 22, n\u00fam. 4 (2013).<\/li>\n<li>\u201cAnecdotes of an Obsolete Object, A Thing Astir Called Book\u201d, en <em>[sic]-A Journal of Literature, Culture, and Literary Translation<\/em> vol. 3, n\u00fam. 2 (2011); y \u201cMovement and the Paradox of Resistance\u201d, en <em>Cosmos and History: The Journal of Natural and Social Philosophy<\/em>, vol. 6, n\u00fam. 2 (2010).&nbsp;<\/li>\n<\/ul>\n<p>\n                <\/div>\n            \n        <\/div>\n    \n<p>&nbsp;<\/p>\n\n        <div class=\"panel panel-bordered mg-b\" style=\"border-color: #00486a\">\n            \n                <div class=\"panel-heading\" style=\"background-color: #00486a; border-color: #00486a\">Sitio web<\/div>\n                <div class=\"panel-body\">\n                    <\/p>\n<p>\n                <\/div>\n            \n        <\/div>\n    \n","protected":false},"excerpt":{"rendered":"<p>Antes de ser Profesora Titular de la UAM-Cuajimalpa, fue Profesora-Investigadora Visitante en la Sociedad para las Humanidades de la Universidad de Cornell (Ithaca, Nueva York), [&hellip;]<\/p>\n","protected":false},"author":1,"featured_media":0,"parent":0,"menu_order":0,"comment_status":"open","ping_status":"open","template":"template-empty-fullwidth.php","meta":{"footnotes":""},"class_list":["post-503","page","type-page","status-publish","hentry"],"_links":{"self":[{"href":"https:\/\/dhumanidades.xoc.uam.mx\/index.php?rest_route=\/wp\/v2\/pages\/503","targetHints":{"allow":["GET"]}}],"collection":[{"href":"https:\/\/dhumanidades.xoc.uam.mx\/index.php?rest_route=\/wp\/v2\/pages"}],"about":[{"href":"https:\/\/dhumanidades.xoc.uam.mx\/index.php?rest_route=\/wp\/v2\/types\/page"}],"author":[{"embeddable":true,"href":"https:\/\/dhumanidades.xoc.uam.mx\/index.php?rest_route=\/wp\/v2\/users\/1"}],"replies":[{"embeddable":true,"href":"https:\/\/dhumanidades.xoc.uam.mx\/index.php?rest_route=%2Fwp%2Fv2%2Fcomments&post=503"}],"version-history":[{"count":8,"href":"https:\/\/dhumanidades.xoc.uam.mx\/index.php?rest_route=\/wp\/v2\/pages\/503\/revisions"}],"predecessor-version":[{"id":1338,"href":"https:\/\/dhumanidades.xoc.uam.mx\/index.php?rest_route=\/wp\/v2\/pages\/503\/revisions\/1338"}],"wp:attachment":[{"href":"https:\/\/dhumanidades.xoc.uam.mx\/index.php?rest_route=%2Fwp%2Fv2%2Fmedia&parent=503"}],"curies":[{"name":"wp","href":"https:\/\/api.w.org\/{rel}","templated":true}]}}