{"id":501,"date":"2017-02-06T18:23:20","date_gmt":"2017-02-06T18:23:20","guid":{"rendered":"http:\/\/dhumanidades.xoc.uam.mx\/?page_id=501"},"modified":"2017-02-07T19:20:44","modified_gmt":"2017-02-07T19:20:44","slug":"dra-araceli-soni","status":"publish","type":"page","link":"https:\/\/dhumanidades.xoc.uam.mx\/?page_id=501","title":{"rendered":"Dra. Araceli Soni"},"content":{"rendered":"<p>&nbsp;<br \/>\n&nbsp;<\/p>\n<p><a href=\"https:\/\/dhumanidades.xoc.uam.mx\/wp-content\/uploads\/2017\/02\/Taller-mexicana_0.jpg\"><img loading=\"lazy\" decoding=\"async\" class=\"alignleft size-medium wp-image-387\" src=\"https:\/\/dhumanidades.xoc.uam.mx\/wp-content\/uploads\/2017\/02\/Taller-mexicana_0.jpg\" alt=\"fotoperfil\" width=\"199\" height=\"300\" margin-right=\"10px\"\/><\/a><\/p>\n<p style=\"color: #000000; text-align: left; font-size: 16px;\">Doctora en Letras Modernas, Universidad Iberoamericana (2008); Maestra en Letras Iberoamericanas, Universidad Nacional Aut\u00f3noma de M\u00e9xico (2003); Licenciada  en Comunicaci\u00f3n Social, UAM (1982). Profesora-investigadora titular \u201cC\u201d de tiempo completo en la licenciatura de Comunicaci\u00f3n Social, DCSH, UAM-X; profesora de la Maestr\u00eda y el Doctorado en Ciencias y Artes para el Dise\u00f1o, en el \u00e1rea Est\u00e9tica, Cultura y Semi\u00f3tica del Dise\u00f1o. Adscrita al \u00e1rea Hermen\u00e9utica y Heur\u00edstica del Arte de CyAD, UAM-X.<\/p>\n<p>&nbsp;<br \/>\n&nbsp;<\/p>\n\n        <div class=\"panel panel-bordered mg-b\" style=\"border-color: #00486a\">\n            \n                <div class=\"panel-heading\" style=\"background-color: #00486a; border-color: #00486a\">L\u00edneas de investigaci\u00f3n<\/div>\n                <div class=\"panel-body\">\n                    <\/p>\n<p>\n                <\/div>\n            \n        <\/div>\n    \n<p>&nbsp;<\/p>\n\n        <div class=\"panel panel-bordered mg-b\" style=\"border-color: #00486a\">\n            \n                <div class=\"panel-heading\" style=\"background-color: #00486a; border-color: #00486a\">Publicaciones relevantes<\/div>\n                <div class=\"panel-body\">\n                    <\/p>\n<ul>\n<li>(2016c) Rasgos modernos del cuento paname\u00f1o. Tres generaciones, publicado en Revista electr\u00f3nica de estudios sobre la ficci\u00f3n breve de la UAM-X<\/li>\n<li>(2016b) Imagen art\u00edstica y experiencia est\u00e9tica. El arte generador de conocimiento, cap\u00edtulo de libro impreso: Est\u00e9tica de las im\u00e1genes y sus representaciones sociales, editado por La Asociaci\u00f3n Mexicana de Estudios en Est\u00e9tica (AMEST)<\/li>\n<li>(2016a) Influencia del dise\u00f1o de la propaganda comercial en las artes visuales en colaboraci\u00f3n con doctor, Dar\u00edo Gonz\u00e1lez Guti\u00e9rrez, cap\u00edtulo de libro digital, Filosof\u00eda, arte y dise\u00f1o, editado por la Universidad de Guanajuato y la Universidad Aut\u00f3noma del Estado de M\u00e9xico.<\/li>\n<li>(2012) Trilce a la luz de la hermen\u00e9utica simb\u00f3lica. Propuesta metodol\u00f3gica para el estudio po\u00e9tico. Publicado en 2012. Colecci\u00f3n, Teor\u00eda y an\u00e1lisis de la UAM-X en coedici\u00f3n con CLACSO. ISBN: 978-607-477-619-5<\/li>\n<\/ul>\n<p>\n                <\/div>\n            \n        <\/div>\n    \n<p>&nbsp;<\/p>\n\n        <div class=\"panel panel-bordered mg-b\" style=\"border-color: #00486a\">\n            \n                <div class=\"panel-heading\" style=\"background-color: #00486a; border-color: #00486a\">Sitio web<\/div>\n                <div class=\"panel-body\">\n                    <\/p>\n<p>\n                <\/div>\n            \n        <\/div>\n    \n","protected":false},"excerpt":{"rendered":"<p>&nbsp; &nbsp; Doctora en Letras Modernas, Universidad Iberoamericana (2008); Maestra en Letras Iberoamericanas, Universidad Nacional Aut\u00f3noma de M\u00e9xico (2003); Licenciada en Comunicaci\u00f3n Social, UAM (1982). [&hellip;]<\/p>\n","protected":false},"author":1,"featured_media":0,"parent":0,"menu_order":0,"comment_status":"open","ping_status":"open","template":"template-empty-fullwidth.php","meta":{"footnotes":""},"class_list":["post-501","page","type-page","status-publish","hentry"],"_links":{"self":[{"href":"https:\/\/dhumanidades.xoc.uam.mx\/index.php?rest_route=\/wp\/v2\/pages\/501","targetHints":{"allow":["GET"]}}],"collection":[{"href":"https:\/\/dhumanidades.xoc.uam.mx\/index.php?rest_route=\/wp\/v2\/pages"}],"about":[{"href":"https:\/\/dhumanidades.xoc.uam.mx\/index.php?rest_route=\/wp\/v2\/types\/page"}],"author":[{"embeddable":true,"href":"https:\/\/dhumanidades.xoc.uam.mx\/index.php?rest_route=\/wp\/v2\/users\/1"}],"replies":[{"embeddable":true,"href":"https:\/\/dhumanidades.xoc.uam.mx\/index.php?rest_route=%2Fwp%2Fv2%2Fcomments&post=501"}],"version-history":[{"count":5,"href":"https:\/\/dhumanidades.xoc.uam.mx\/index.php?rest_route=\/wp\/v2\/pages\/501\/revisions"}],"predecessor-version":[{"id":801,"href":"https:\/\/dhumanidades.xoc.uam.mx\/index.php?rest_route=\/wp\/v2\/pages\/501\/revisions\/801"}],"wp:attachment":[{"href":"https:\/\/dhumanidades.xoc.uam.mx\/index.php?rest_route=%2Fwp%2Fv2%2Fmedia&parent=501"}],"curies":[{"name":"wp","href":"https:\/\/api.w.org\/{rel}","templated":true}]}}