{"id":495,"date":"2017-02-06T18:13:22","date_gmt":"2017-02-06T18:13:22","guid":{"rendered":"http:\/\/dhumanidades.xoc.uam.mx\/?page_id=495"},"modified":"2017-02-07T19:16:23","modified_gmt":"2017-02-07T19:16:23","slug":"dr-vicente-castellanos","status":"publish","type":"page","link":"https:\/\/dhumanidades.xoc.uam.mx\/?page_id=495","title":{"rendered":"Dr. Vicente Castellanos"},"content":{"rendered":"<p>&nbsp;<br \/>\n&nbsp;<\/p>\n<p><a href=\"https:\/\/dhumanidades.xoc.uam.mx\/wp-content\/uploads\/2017\/02\/543.jpg\"><img loading=\"lazy\" decoding=\"async\" class=\"alignleft size-medium wp-image-387\" src=\"https:\/\/dhumanidades.xoc.uam.mx\/wp-content\/uploads\/2017\/02\/543.jpg\" alt=\"fotoperfil\" width=\"199\" height=\"300\" right=\"10px\"\/><\/a><\/p>\n<p style=\"color: #000000; text-align: left; font-size: 16px;\">Doctor en Ciencias Sociales y Pol\u00edticas, con orientaci\u00f3n en Comunicaci\u00f3n, por la Facultad de Ciencias Pol\u00edticas y Sociales de la UNAM. Ex Coordinador del Centro de Estudios en Ciencias de la Comunicaci\u00f3n de la Facultad de Ciencias Pol\u00edticas y Sociales de la UNAM, agosto 2004-abril 2006. Ex Presidente de la Asociaci\u00f3n Mexicana de Investigadores de la Comunicaci\u00f3n, 2003-2005. L\u00edneas de investigaci\u00f3n: semi\u00f3tica y est\u00e9tica del cine, multiculturalismo y radio, video y pol\u00edtica.  Actualmente es Profesor Titular \u201cC\u201d del Departamento de Ciencias de la Comunicaci\u00f3n en la Divisi\u00f3n de Ciencias de la Comunicaci\u00f3n y Dise\u00f1o en la UAM, Unidad Cuajimalpa. Miembro del Sistema Nacional de Investigadores, Nivel I<\/p>\n<p>&nbsp;<br \/>\n&nbsp;<\/p>\n\n        <div class=\"panel panel-bordered mg-b\" style=\"border-color: #00486a\">\n            \n                <div class=\"panel-heading\" style=\"background-color: #00486a; border-color: #00486a\">L\u00edneas de investigaci\u00f3n<\/div>\n                <div class=\"panel-body\">\n                    <\/p>\n<p>\n                <\/div>\n            \n        <\/div>\n    \n<p>&nbsp;<\/p>\n\n        <div class=\"panel panel-bordered mg-b\" style=\"border-color: #00486a\">\n            \n                <div class=\"panel-heading\" style=\"background-color: #00486a; border-color: #00486a\">Publicaciones relevantes<\/div>\n                <div class=\"panel-body\">\n                    <\/p>\n<p>\n                <\/div>\n            \n        <\/div>\n    \n<p>&nbsp;<\/p>\n\n        <div class=\"panel panel-bordered mg-b\" style=\"border-color: #00486a\">\n            \n                <div class=\"panel-heading\" style=\"background-color: #00486a; border-color: #00486a\">Sitio web<\/div>\n                <div class=\"panel-body\">\n                    <a href=\"http:\/\/cua-uam.academia.edu\/VicenteCastellanos\">http:\/\/cua-uam.academia.edu\/VicenteCastellanos<\/a>\n                <\/div>\n            \n        <\/div>\n    \n","protected":false},"excerpt":{"rendered":"<p>&nbsp; &nbsp; Doctor en Ciencias Sociales y Pol\u00edticas, con orientaci\u00f3n en Comunicaci\u00f3n, por la Facultad de Ciencias Pol\u00edticas y Sociales de la UNAM. Ex Coordinador [&hellip;]<\/p>\n","protected":false},"author":1,"featured_media":0,"parent":0,"menu_order":0,"comment_status":"open","ping_status":"open","template":"template-empty-fullwidth.php","meta":{"footnotes":""},"class_list":["post-495","page","type-page","status-publish","hentry"],"_links":{"self":[{"href":"https:\/\/dhumanidades.xoc.uam.mx\/index.php?rest_route=\/wp\/v2\/pages\/495","targetHints":{"allow":["GET"]}}],"collection":[{"href":"https:\/\/dhumanidades.xoc.uam.mx\/index.php?rest_route=\/wp\/v2\/pages"}],"about":[{"href":"https:\/\/dhumanidades.xoc.uam.mx\/index.php?rest_route=\/wp\/v2\/types\/page"}],"author":[{"embeddable":true,"href":"https:\/\/dhumanidades.xoc.uam.mx\/index.php?rest_route=\/wp\/v2\/users\/1"}],"replies":[{"embeddable":true,"href":"https:\/\/dhumanidades.xoc.uam.mx\/index.php?rest_route=%2Fwp%2Fv2%2Fcomments&post=495"}],"version-history":[{"count":8,"href":"https:\/\/dhumanidades.xoc.uam.mx\/index.php?rest_route=\/wp\/v2\/pages\/495\/revisions"}],"predecessor-version":[{"id":795,"href":"https:\/\/dhumanidades.xoc.uam.mx\/index.php?rest_route=\/wp\/v2\/pages\/495\/revisions\/795"}],"wp:attachment":[{"href":"https:\/\/dhumanidades.xoc.uam.mx\/index.php?rest_route=%2Fwp%2Fv2%2Fmedia&parent=495"}],"curies":[{"name":"wp","href":"https:\/\/api.w.org\/{rel}","templated":true}]}}