{"id":490,"date":"2017-02-06T18:03:42","date_gmt":"2017-02-06T18:03:42","guid":{"rendered":"http:\/\/dhumanidades.xoc.uam.mx\/?page_id=490"},"modified":"2017-02-15T16:13:08","modified_gmt":"2017-02-15T16:13:08","slug":"dra-elsie-mcphail","status":"publish","type":"page","link":"https:\/\/dhumanidades.xoc.uam.mx\/?page_id=490","title":{"rendered":"Dra. Elsie McPhail"},"content":{"rendered":"<p>&nbsp;<br \/>\n&nbsp;<\/p>\n<p><a href=\"https:\/\/dhumanidades.xoc.uam.mx\/wp-content\/uploads\/2017\/02\/ElsieMcPhail1.jpg\"><img loading=\"lazy\" decoding=\"async\" class=\"alignleft size-medium wp-image-361\" src=\"https:\/\/dhumanidades.xoc.uam.mx\/wp-content\/uploads\/2017\/02\/ElsieMcPhail1.jpg\" alt=\"DSC_0058\" width=\"190\" height=\"300\" \/margin-right=\"10px\"><\/a><\/p>\n<p style=\"color: #000000; text-align: left; font-size: 16px;\">Doctora en Ciencia Pol\u00edtica por la Universidad Nacional Aut\u00f3noma de M\u00e9xico (2004), Maestra en Historia del Arte por la Facultad de Filosof\u00eda y Letras y el Instituto de Investigaciones Est\u00e9ticas (2009); Maestra en Comunicaci\u00f3n por la Universidad de Cornell (1974-1976), Licenciatura en Comunicaci\u00f3n por la Universidad Iberoamericana (1972). Profesora -Investigadora Titular \u201cC \u201den el Departamento de Educaci\u00f3n y Comunicaci\u00f3n de la Divisi\u00f3n de Ciencias Sociales y Humanidades de la Universidad Aut\u00f3noma Metropolitana-Unidad Xochimilco, M\u00e9xico. Es miembro del Sistema Nacional de Investigadores de M\u00e9xico (SNI) nivel II del Consejo Nacional de Ciencia y Tecnolog\u00eda (Conacyt).<\/p>\n<p>&nbsp;<br \/>\n&nbsp;<\/p>\n\n        <div class=\"panel panel-bordered mg-b\" style=\"border-color: #00486a\">\n            \n                <div class=\"panel-heading\" style=\"background-color: #00486a; border-color: #00486a\">L\u00edneas de investigaci\u00f3n<\/div>\n                <div class=\"panel-body\">\n                    <\/p>\n<ul>\n<li>Prensa<\/li>\n<li>Fotoperiodismo, imagen<\/li>\n<li>G\u00e9nero y medios de comunicaci\u00f3n social<\/li>\n<li>Est\u00e9tica<\/li>\n<\/ul>\n<p>\n                <\/div>\n            \n        <\/div>\n    \n<p>&nbsp;<\/p>\n\n        <div class=\"panel panel-bordered mg-b\" style=\"border-color: #00486a\">\n            \n                <div class=\"panel-heading\" style=\"background-color: #00486a; border-color: #00486a\">Publicaciones relevantes<\/div>\n                <div class=\"panel-body\">\n                    <\/p>\n<ul>\n<li>(2013) Mc Phail Fanger, Elsie. Desplazamiento de la imagen M\u00e9xico, Siglo XXI.<\/li>\n<li>(2010) Mc Phail Fanger, Elsie. Juan Soriano y Lupe Mar\u00edn \u00bfRetrato y\/o autorretrato. M\u00e9xico, Siglo XXI, 2010<\/li>\n<li>2014) An\u00e1lisis de la imagen en campa\u00f1as pol\u00edticas. Revista Raz\u00f3n y Palabra. ITESM. Vol 18 , N\u00famero 1 (86)<\/li>\n<li>(2016) Celebridades medi\u00e1ticas y pedagog\u00eda de la fama. CYALC\/ TRANSIT\/UNAM. (En prensa)<\/li>\n<li>\u2028(2016) Intimidad robada: fotoperiodismo de espect\u00e1culos. Revista Universidad de Chile. En dictamen<\/li>\n<\/ul>\n<p>\n                <\/div>\n            \n        <\/div>\n    \n<p>&nbsp;<\/p>\n\n        <div class=\"panel panel-bordered mg-b\" style=\"border-color: #00486a\">\n            \n                <div class=\"panel-heading\" style=\"background-color: #00486a; border-color: #00486a\">Sitio web<\/div>\n                <div class=\"panel-body\">\n                    <\/p>\n<p>\n                <\/div>\n            \n        <\/div>\n    \n","protected":false},"excerpt":{"rendered":"<p>&nbsp; &nbsp; Doctora en Ciencia Pol\u00edtica por la Universidad Nacional Aut\u00f3noma de M\u00e9xico (2004), Maestra en Historia del Arte por la Facultad de Filosof\u00eda y [&hellip;]<\/p>\n","protected":false},"author":1,"featured_media":0,"parent":0,"menu_order":0,"comment_status":"open","ping_status":"open","template":"template-empty-fullwidth.php","meta":{"footnotes":""},"class_list":["post-490","page","type-page","status-publish","hentry"],"_links":{"self":[{"href":"https:\/\/dhumanidades.xoc.uam.mx\/index.php?rest_route=\/wp\/v2\/pages\/490","targetHints":{"allow":["GET"]}}],"collection":[{"href":"https:\/\/dhumanidades.xoc.uam.mx\/index.php?rest_route=\/wp\/v2\/pages"}],"about":[{"href":"https:\/\/dhumanidades.xoc.uam.mx\/index.php?rest_route=\/wp\/v2\/types\/page"}],"author":[{"embeddable":true,"href":"https:\/\/dhumanidades.xoc.uam.mx\/index.php?rest_route=\/wp\/v2\/users\/1"}],"replies":[{"embeddable":true,"href":"https:\/\/dhumanidades.xoc.uam.mx\/index.php?rest_route=%2Fwp%2Fv2%2Fcomments&post=490"}],"version-history":[{"count":5,"href":"https:\/\/dhumanidades.xoc.uam.mx\/index.php?rest_route=\/wp\/v2\/pages\/490\/revisions"}],"predecessor-version":[{"id":942,"href":"https:\/\/dhumanidades.xoc.uam.mx\/index.php?rest_route=\/wp\/v2\/pages\/490\/revisions\/942"}],"wp:attachment":[{"href":"https:\/\/dhumanidades.xoc.uam.mx\/index.php?rest_route=%2Fwp%2Fv2%2Fmedia&parent=490"}],"curies":[{"name":"wp","href":"https:\/\/api.w.org\/{rel}","templated":true}]}}