{"id":488,"date":"2017-02-06T18:00:08","date_gmt":"2017-02-06T18:00:08","guid":{"rendered":"http:\/\/dhumanidades.xoc.uam.mx\/?page_id=488"},"modified":"2017-02-15T16:11:48","modified_gmt":"2017-02-15T16:11:48","slug":"dr-diego-lizarazo","status":"publish","type":"page","link":"https:\/\/dhumanidades.xoc.uam.mx\/?page_id=488","title":{"rendered":"Dr. Diego Lizarazo"},"content":{"rendered":"<p>&nbsp;<br \/>\n&nbsp;<br \/>\n<a href=\"https:\/\/dhumanidades.xoc.uam.mx\/wp-content\/uploads\/2017\/02\/DiegoLizarazo3-e1487173186911.jpg\"><img loading=\"lazy\" decoding=\"async\" class=\"alignleft size-medium wp-image-360\" src=\"https:\/\/dhumanidades.xoc.uam.mx\/wp-content\/uploads\/2017\/02\/DiegoLizarazo3-e1487173186911.jpg\" alt=\"DSC_0187\" width=\"196\" height=\"300\" \/><\/a><\/p>\n<p style=\"color: #000000; text-align: left; font-size: 16px;\">Doctor y maestro en Filosof\u00eda por la Universidad Nacional Aut\u00f3noma de M\u00e9xico (UNAM), licenciado en Ciencias de la Comunicaci\u00f3n por la Universidad Aut\u00f3noma Metropolitana (UAM-X). Profesor -Investigador Titular \u201cC \u201den el Departamento de Educaci\u00f3n y Comunicaci\u00f3n de la Divisi\u00f3n de Ciencias Sociales y Humanidades de la Universidad Aut\u00f3noma Metropolitana-Unidad Xochimilco, M\u00e9xico. Es miembro del Sistema Nacional de Investigadores de M\u00e9xico (SNI) nivel II del Consejo Nacional de Ciencia y Tecnolog\u00eda (Conacyt).<\/p>\n<p>&nbsp;<br \/>\n&nbsp;<\/p>\n\n        <div class=\"panel panel-bordered mg-b\" style=\"border-color: #00486a\">\n            \n                <div class=\"panel-heading\" style=\"background-color: #00486a; border-color: #00486a\">L\u00edneas de investigaci\u00f3n<\/div>\n                <div class=\"panel-body\">\n                    <\/p>\n<ul>\n<li>Teor\u00eda y filosof\u00eda de la imagen<\/li>\n<li>Est\u00e9tica y hermen\u00e9utica de la cultura<\/li>\n<\/ul>\n<p>\n                <\/div>\n            \n        <\/div>\n    \n<p>&nbsp;<\/p>\n\n        <div class=\"panel panel-bordered mg-b\" style=\"border-color: #00486a\">\n            \n                <div class=\"panel-heading\" style=\"background-color: #00486a; border-color: #00486a\">Publicaciones relevantes<\/div>\n                <div class=\"panel-body\">\n                    <\/p>\n<ul>\n<li>Iconos, figuraciones, sue\u00f1os. Hermen\u00e9utica de las im\u00e1genes, Siglo XXI, M\u00e9xico, 2016 (\u00faltima reimpresi\u00f3n)<\/li>\n<li>La dislocaci\u00f3n del sentido, Secretar\u00eda de Educaci\u00f3n P\u00fablica, M\u00e9xico, 2008 (Obra ganadora del premio de investigaci\u00f3n en Ciencias Sociales y Humanidades \/ UAM 2008)<\/li>\n<li>S\u00edmbolos digitales, Siglo XXI, 2013 (junto con Mauricio Andi\u00f3n y Gregorio Hern\u00e1ndez)<\/li>\n<li>Sociedades ic\u00f3nicas, Siglo XXI, M\u00e9xico, 2007 (junto con Bol\u00edvar Echeverr\u00eda y Pablo Lazo)<\/li>\n<\/ul>\n<p>\n                <\/div>\n            \n        <\/div>\n    \n<p>&nbsp;<\/p>\n\n        <div class=\"panel panel-bordered mg-b\" style=\"border-color: #00486a\">\n            \n                <div class=\"panel-heading\" style=\"background-color: #00486a; border-color: #00486a\">Sitio web<\/div>\n                <div class=\"panel-body\">\n                    <a href=\"www.diegolizarazo.com\">www.diegolizarazo.com<\/a>\n                <\/div>\n            \n        <\/div>\n    \n","protected":false},"excerpt":{"rendered":"<p>&nbsp; &nbsp; Doctor y maestro en Filosof\u00eda por la Universidad Nacional Aut\u00f3noma de M\u00e9xico (UNAM), licenciado en Ciencias de la Comunicaci\u00f3n por la Universidad Aut\u00f3noma [&hellip;]<\/p>\n","protected":false},"author":1,"featured_media":0,"parent":0,"menu_order":0,"comment_status":"open","ping_status":"open","template":"template-empty-fullwidth.php","meta":{"footnotes":""},"class_list":["post-488","page","type-page","status-publish","hentry"],"_links":{"self":[{"href":"https:\/\/dhumanidades.xoc.uam.mx\/index.php?rest_route=\/wp\/v2\/pages\/488","targetHints":{"allow":["GET"]}}],"collection":[{"href":"https:\/\/dhumanidades.xoc.uam.mx\/index.php?rest_route=\/wp\/v2\/pages"}],"about":[{"href":"https:\/\/dhumanidades.xoc.uam.mx\/index.php?rest_route=\/wp\/v2\/types\/page"}],"author":[{"embeddable":true,"href":"https:\/\/dhumanidades.xoc.uam.mx\/index.php?rest_route=\/wp\/v2\/users\/1"}],"replies":[{"embeddable":true,"href":"https:\/\/dhumanidades.xoc.uam.mx\/index.php?rest_route=%2Fwp%2Fv2%2Fcomments&post=488"}],"version-history":[{"count":5,"href":"https:\/\/dhumanidades.xoc.uam.mx\/index.php?rest_route=\/wp\/v2\/pages\/488\/revisions"}],"predecessor-version":[{"id":939,"href":"https:\/\/dhumanidades.xoc.uam.mx\/index.php?rest_route=\/wp\/v2\/pages\/488\/revisions\/939"}],"wp:attachment":[{"href":"https:\/\/dhumanidades.xoc.uam.mx\/index.php?rest_route=%2Fwp%2Fv2%2Fmedia&parent=488"}],"curies":[{"name":"wp","href":"https:\/\/api.w.org\/{rel}","templated":true}]}}