{"id":486,"date":"2017-02-06T17:56:04","date_gmt":"2017-02-06T17:56:04","guid":{"rendered":"http:\/\/dhumanidades.xoc.uam.mx\/?page_id=486"},"modified":"2024-08-08T00:06:58","modified_gmt":"2024-08-08T00:06:58","slug":"dr-lauro-zavala","status":"publish","type":"page","link":"https:\/\/dhumanidades.xoc.uam.mx\/?page_id=486","title":{"rendered":"Dr. Lauro Zavala"},"content":{"rendered":"<p><a href=\"https:\/\/dhumanidades.xoc.uam.mx\/wp-content\/uploads\/2017\/02\/lauro-2.jpg\"><img loading=\"lazy\" decoding=\"async\" class=\"alignleft size-medium wp-image-359\" src=\"https:\/\/dhumanidades.xoc.uam.mx\/wp-content\/uploads\/2017\/02\/lauro-2.jpg\" alt=\"DSC_0010\" width=\"210\" height=\"300\" \/><\/a><\/p>\n<p style=\"color: #000000; text-align: left; font-size: 16px;\">Doctor en Literatura Hisp\u00e1nica por El Colegio del M\u00e9xico. Profesor-Investigador Titular \u201cC\u201d en el Departamento de Educaci\u00f3n y Comunicaci\u00f3n de la Divisi\u00f3n de Ciencias Sociales y Humanidades de la Universidad Aut\u00f3noma Metropolitana-Unidad Xochimilco. Miembro del Sistema Nacional de Investigadores de M\u00e9xico (SNI) nivel II del Consejo Nacional de Ciencia y Tecnolog\u00eda (Conacyt). \u00a0Actualmente es Presidente te la Asociaci\u00f3n Mexicana de Teor\u00eda y An\u00e1lisis Cinematogr\u00e1fico (www.sepancine.mx). Ha dirigido m\u00e1s de 120 tesis de licenciatura, maestra y doctorado en an\u00e1lisis cinematogr\u00e1fico y ha publicado 18 libros individuales de investigaci\u00f3n. Tambi\u00e9n es autor de numerosos art\u00edculos indexados, publicados en 26 pa\u00edses, en traducci\u00f3n a 14 idiomas.<\/p>\n\n        <div class=\"panel panel-bordered mg-b\" style=\"border-color: #00486a\">\n            \n                <div class=\"panel-heading\" style=\"background-color: #00486a; border-color: #00486a\">L\u00edneas de investigaci\u00f3n<\/div>\n                <div class=\"panel-body\">\n                    <\/p>\n<ul>\n<li>Teor\u00eda y An\u00e1lisis Cinematogr\u00e1fico<\/li>\n<li>Teor\u00eda y An\u00e1lisis Literario<\/li>\n<\/ul>\n<p>\n                <\/div>\n            \n        <\/div>\n    \n\n        <div class=\"panel panel-bordered mg-b\" style=\"border-color: #00486a\">\n            \n                <div class=\"panel-heading\" style=\"background-color: #00486a; border-color: #00486a\">Publicaciones relevantes<\/div>\n                <div class=\"panel-body\">\n                    <\/p>\n<ul>\n<li>Semi\u00f3tica preliminar (FOEM, 2015)<\/li>\n<li>Posibilidades del an\u00e1lisis cinematogr\u00e1fico (FOEM, 2016)<\/li>\n<li>Manual de an\u00e1lisis narrativo (Trillas, 2013)<\/li>\n<li>Teor\u00eda y pr\u00e1ctica de la adaptaci\u00f3n (UNAM, 2016) (traducci\u00f3n)<\/li>\n<\/ul>\n<p>\n                <\/div>\n            \n        <\/div>\n    \n\n        <div class=\"panel panel-bordered mg-b\" style=\"border-color: #00486a\">\n            \n                <div class=\"panel-heading\" style=\"background-color: #00486a; border-color: #00486a\">Sitio web<\/div>\n                <div class=\"panel-body\">\n                    \n                <\/div>\n            \n        <\/div>\n    \n<p><a href=\"https:\/\/laurozavala.net\">https:\/\/laurozavala.net<\/a><\/p>\n","protected":false},"excerpt":{"rendered":"<p>Doctor en Literatura Hisp\u00e1nica por El Colegio del M\u00e9xico. Profesor-Investigador Titular \u201cC\u201d en el Departamento de Educaci\u00f3n y Comunicaci\u00f3n de la Divisi\u00f3n de Ciencias Sociales [&hellip;]<\/p>\n","protected":false},"author":1,"featured_media":0,"parent":0,"menu_order":0,"comment_status":"open","ping_status":"open","template":"","meta":{"footnotes":""},"class_list":["post-486","page","type-page","status-publish","hentry"],"_links":{"self":[{"href":"https:\/\/dhumanidades.xoc.uam.mx\/index.php?rest_route=\/wp\/v2\/pages\/486","targetHints":{"allow":["GET"]}}],"collection":[{"href":"https:\/\/dhumanidades.xoc.uam.mx\/index.php?rest_route=\/wp\/v2\/pages"}],"about":[{"href":"https:\/\/dhumanidades.xoc.uam.mx\/index.php?rest_route=\/wp\/v2\/types\/page"}],"author":[{"embeddable":true,"href":"https:\/\/dhumanidades.xoc.uam.mx\/index.php?rest_route=\/wp\/v2\/users\/1"}],"replies":[{"embeddable":true,"href":"https:\/\/dhumanidades.xoc.uam.mx\/index.php?rest_route=%2Fwp%2Fv2%2Fcomments&post=486"}],"version-history":[{"count":10,"href":"https:\/\/dhumanidades.xoc.uam.mx\/index.php?rest_route=\/wp\/v2\/pages\/486\/revisions"}],"predecessor-version":[{"id":2839,"href":"https:\/\/dhumanidades.xoc.uam.mx\/index.php?rest_route=\/wp\/v2\/pages\/486\/revisions\/2839"}],"wp:attachment":[{"href":"https:\/\/dhumanidades.xoc.uam.mx\/index.php?rest_route=%2Fwp%2Fv2%2Fmedia&parent=486"}],"curies":[{"name":"wp","href":"https:\/\/api.w.org\/{rel}","templated":true}]}}