{"id":27,"date":"2017-01-26T19:05:22","date_gmt":"2017-01-26T19:05:22","guid":{"rendered":"http:\/\/dhumanidades.xoc.uam.mx\/?page_id=27"},"modified":"2023-02-14T16:36:38","modified_gmt":"2023-02-14T16:36:38","slug":"teoria-y-analisis-cinematografico","status":"publish","type":"page","link":"https:\/\/dhumanidades.xoc.uam.mx\/?page_id=27","title":{"rendered":"Teor\u00eda y An\u00e1lisis Cinematogr\u00e1fico"},"content":{"rendered":"<div style=\"text-align: center;\"><\/div>\n<h1 style=\"text-align: center;\">Objetivos:<\/h1>\n<ul>\n<li style=\"color: #000000; text-align: left; font-size: 16px;\">El estudio de lo espec\u00edficamente cinematogr\u00e1fico, en particular los fundamentos y presupuestos de las teor\u00edas del cine, as\u00ed como los m\u00e9todos y modelos de an\u00e1lisis de secuencias que se desprenden de cada teor\u00eda, y los problemas de la historia y la est\u00e9tica del cine<\/li>\n<li style=\"color: #000000; text-align: left; font-size: 16px;\">El estudio del cine desde las diversas disciplinas human\u00edsticas (filosof\u00eda, \u00e9tica, semi\u00f3tica, narratolog\u00eda) y desde las disciplinas sociales (econom\u00eda, sociolog\u00eda, antropolog\u00eda, psicolog\u00eda social)<\/li>\n<li style=\"color: #000000; text-align: left; font-size: 16px;\">El estudio del cine como una herramienta de apoyo para la ense\u00f1anza de cualquier disciplina del conocimiento, es decir, no s\u00f3lo el <em>an\u00e1lisis interpretativo<\/em>, sino tambi\u00e9n la pr\u00e1ctica del <em>an\u00e1lisis instrumental<\/em> del cine<\/li>\n<\/ul>\n<p style=\"color: #000000; text-align: left; font-size: 16px;\">En esta l\u00ednea de graduaci\u00f3n se reconoce la especificidad epistemol\u00f3gica y metodol\u00f3gica de cada una de estas aproximaciones, y los di\u00e1logos que existen entre todas ellas.\u00a0 El cuerpo docente de la Unidad Xochimilco es particularmente diverso en su experiencia acad\u00e9mica, y ha producido abundantes materiales de investigaci\u00f3n cinematogr\u00e1fica.<\/p>\n<p style=\"color: #000000; text-align: left; font-size: 16px;\">Entre los intereses de investigaci\u00f3n de estos profesores se encuentran: la teor\u00eda y la est\u00e9tica del cine, la ense\u00f1anza de la \u00e9tica a trav\u00e9s del cine, el an\u00e1lisis de nivel medio, los m\u00e9todos neoformalistas de an\u00e1lisis, cine y filosof\u00eda, cine y psicoan\u00e1lisis, cine y literatura, cine y antropolog\u00eda, la representaci\u00f3n de la violencia, los g\u00e9neros cl\u00e1sicos, el melodrama mexicano, la ciencia ficci\u00f3n, la industria del cine mexicano, el documental mexicano actual, la \u00e9tica del documental, el cine de no ficci\u00f3n, el cine er\u00f3tico, el periodismo en el cine, el cine posmoderno, el dise\u00f1o de carteles, y la historia del cine mexicano.<\/p>\n<p style=\"color: #000000; text-align: left; font-size: 16px;\">Esta l\u00ednea de investigaci\u00f3n se integra al proyecto general del Doctorado en Humanidades en la medida en que los estudios cinematogr\u00e1ficos han sido un terreno abiertamente interdisciplinario, desde su nacimiento en la primera d\u00e9cada del siglo XX y debido a la naturaleza de su objeto de estudio. En la teor\u00eda del cine y en los modelos de an\u00e1lisis cinematogr\u00e1fico intervienen componentes que tienen su origen en disciplinas m\u00faltiples, como la narratolog\u00eda, la semi\u00f3tica, la epistemolog\u00eda, el psicoan\u00e1lisis, la ret\u00f3rica, la teor\u00eda de los g\u00e9neros, la teor\u00eda de los mundos posibles, la glosem\u00e1tica, la l\u00f3gica, la \u00e9tica, la est\u00e9tica, la hermen\u00e9utica, la iconograf\u00eda, la iconolog\u00eda y la teor\u00eda de los mitos, entre muchas otras. Tambi\u00e9n intervienen elementos provenientes de las ciencias sociales como la econom\u00eda, la sociolog\u00eda, la ciencia pol\u00edtica y la antropolog\u00eda.<\/p>\n<p style=\"color: #000000; text-align: left; font-size: 16px;\">\n            <div class=\"page-header page-header-with-icon\">\n                <i class=\"fa fa-group\"><\/i>\n                <h2>N\u00facleo acad\u00e9mico b\u00e1sico<small> <\/small><\/h2>\n            <\/div><\/p>\n<p style=\"color: #000000; text-align: left; font-size: 16px;\">\n        <div class=\"profile-boxes\">\n            <div class=\"row\">\n        <div class=\"col-sm-6 profile-box\">\n          <div class=\"row\">\n            <div class=\"col-sm-4\">\n              <a class=\"image-link\" data-lightbox data-lightbox-gallery=\"team\" href=\"https:\/\/dhumanidades.xoc.uam.mx\/wp-content\/uploads\/2017\/02\/lauro-2.jpg\" title=\"Dr. Lauro Zavala\">\n                <i class=\"fa-icon-envelope-alt\"><\/i>\n                <img loading=\"lazy\" decoding=\"async\" alt=\"David Doe\" width=\"165\" height=\"165\" src=\"https:\/\/dhumanidades.xoc.uam.mx\/wp-content\/uploads\/2017\/02\/lauro-2.jpg\" \/>\n              <\/a>\n            <\/div>\n            <div class=\"col-sm-8\">\n              <h3 class=\"name\">Dr. Lauro Zavala<\/h3>\n              <h4 class=\"position\">Coordinador de L\u00ednea   Profesor-investigador de tiempo completo titular 'C' de la Universidad Aut\u00f3noma Metropolitana, Unidad Xochimilco<\/h4>\n              <p>Miembro del Sistema Nacional de Investigadores (SNI) nivel II<\/p>\n              <div class=\"links\">\n                 <a title=\"Dr. Lauro Zavala\" href=\"https:\/\/dhumanidades.xoc.uam.mx\/?page_id=486\" target=\"_blank\" rel=\"noopener\">Semblanza Curricular<\/a>\u00a0\n              <\/div>\n            <\/div>\n          <\/div>\n        <\/div>\n    \n        <div class=\"col-sm-6 profile-box\">\n          <div class=\"row\">\n            <div class=\"col-sm-4\">\n              <a class=\"image-link\" data-lightbox data-lightbox-gallery=\"team\" href=\"https:\/\/dhumanidades.xoc.uam.mx\/wp-content\/uploads\/2017\/02\/DiegoLizarazo3-e1487173186911.jpg\" title=\"Dr. Diego Lizarazo\">\n                <i class=\"fa-icon-envelope-alt\"><\/i>\n                <img loading=\"lazy\" decoding=\"async\" alt=\"David Doe\" width=\"165\" height=\"165\" src=\"https:\/\/dhumanidades.xoc.uam.mx\/wp-content\/uploads\/2017\/02\/DiegoLizarazo3-e1487173186911.jpg\" \/>\n              <\/a>\n            <\/div>\n            <div class=\"col-sm-8\">\n              <h3 class=\"name\">Dr. Diego Lizarazo<\/h3>\n              <h4 class=\"position\">Profesor-investigador de tiempo completo titular 'C' de la Universidad Aut\u00f3noma Metropolitana, Unidad Xochimilco<\/h4>\n              <p>Miembro del Sistema Nacional de Investigadores (SNI) nivel II<\/p>\n              <div class=\"links\">\n                 <a title=\"Dr. Diego Lizarazo\" href=\"https:\/\/dhumanidades.xoc.uam.mx\/?page_id=488\" target=\"_blank\" rel=\"noopener\">Semblanza Curricular<\/a>\u00a0\n              <\/div>\n            <\/div>\n          <\/div>\n        <\/div>\n    <\/div><div class=\"row\">\n        <div class=\"col-sm-6 profile-box\">\n          <div class=\"row\">\n            <div class=\"col-sm-4\">\n              <a class=\"image-link\" data-lightbox data-lightbox-gallery=\"team\" href=\"https:\/\/dhumanidades.xoc.uam.mx\/wp-content\/uploads\/2017\/02\/jose-luis-1-e1487173492504.jpg\" title=\"Dr. Alberto S\u00e1nchez\">\n                <i class=\"fa-icon-envelope-alt\"><\/i>\n                <img loading=\"lazy\" decoding=\"async\" alt=\"David Doe\" width=\"165\" height=\"165\" src=\"https:\/\/dhumanidades.xoc.uam.mx\/wp-content\/uploads\/2017\/02\/jose-luis-1-e1487173492504.jpg\" \/>\n              <\/a>\n            <\/div>\n            <div class=\"col-sm-8\">\n              <h3 class=\"name\">Dr. Alberto S\u00e1nchez<\/h3>\n              <h4 class=\"position\">Profesor-investigador de tiempo completo titular 'C' de la Universidad Aut\u00f3noma Metropolitana, Unidad Xochimilco<\/h4>\n              <p>Miembro del Sistema Nacional de Investigadores (SNI) nivel candidato<\/p>\n              <div class=\"links\">\n                 <a title=\"Dr. Alberto S\u00e1nchez\" href=\"https:\/\/dhumanidades.xoc.uam.mx\/?page_id=492\" target=\"_blank\" rel=\"noopener\">Semblanza Curricular<\/a> \n              <\/div>\n            <\/div>\n          <\/div>\n        <\/div>\n    \n        <div class=\"col-sm-6 profile-box\">\n          <div class=\"row\">\n            <div class=\"col-sm-4\">\n              <a class=\"image-link\" data-lightbox data-lightbox-gallery=\"team\" href=\"https:\/\/dhumanidades.xoc.uam.mx\/wp-content\/uploads\/2017\/02\/543.jpg\" title=\"Dr. Vicente Castellanos\">\n                <i class=\"fa-icon-envelope-alt\"><\/i>\n                <img loading=\"lazy\" decoding=\"async\" alt=\"David Doe\" width=\"165\" height=\"165\" src=\"https:\/\/dhumanidades.xoc.uam.mx\/wp-content\/uploads\/2017\/02\/543.jpg\" \/>\n              <\/a>\n            <\/div>\n            <div class=\"col-sm-8\">\n              <h3 class=\"name\">Dr. Vicente Castellanos<\/h3>\n              <h4 class=\"position\">Profesor-investigador de tiempo completo titular 'C' de la Universidad Aut\u00f3noma Metropolitana, Unidad Cuajimalpa<\/h4>\n              <p>Miembro del Sistema Nacional de Investigadores (SNI) nivel II<\/p>\n              <div class=\"links\">\n                 <a title=\"Dr. Vicente Castellanos\" href=\"https:\/\/dhumanidades.xoc.uam.mx\/?page_id=495\" target=\"_blank\" rel=\"noopener\">Semblanza Curricular<\/a>\u00a0\n              <\/div>\n            <\/div>\n          <\/div>\n        <\/div>\n    <\/div>\n        <\/div>\n    <\/p>\n<p style=\"color: #000000; text-align: left; font-size: 16px;\">\n            <div class=\"page-header page-header-with-icon\">\n                <i class=\"fa fa-group\"><\/i>\n                <h2>N\u00facleo Acad\u00e9mico Asociado<small><\/small><\/h2>\n            <\/div><\/p>\n<p style=\"color: #000000; text-align: left; font-size: 16px;\">\n        <div class=\"profile-boxes\">\n            <div class=\"row\">\n        <div class=\"col-sm-6 profile-box\">\n          <div class=\"row\">\n            <div class=\"col-sm-4\">\n              <a class=\"image-link\" data-lightbox data-lightbox-gallery=\"team\" href=\"https:\/\/dhumanidades.xoc.uam.mx\/wp-content\/uploads\/2017\/02\/DSC_0073-e1486397290528.jpg\" title=\"Dr. Mauricio Andi\u00f3n\">\n                <i class=\"fa-icon-envelope-alt\"><\/i>\n                <img loading=\"lazy\" decoding=\"async\" alt=\"David Doe\" width=\"165\" height=\"165\" src=\"https:\/\/dhumanidades.xoc.uam.mx\/wp-content\/uploads\/2017\/02\/DSC_0073-e1486397290528.jpg\" \/>\n              <\/a>\n            <\/div>\n            <div class=\"col-sm-8\">\n              <h3 class=\"name\">Dr. Mauricio Andi\u00f3n<\/h3>\n              <h4 class=\"position\">Profesor-investigador de tiempo completo titular 'C' de la Universidad Aut\u00f3noma Metropolitana, Unidad Xochimilco<\/h4>\n              <p><\/p>\n              <div class=\"links\">\n                <a title=\"Dr. Mauricio Andi\u00f3n\" href=\"https:\/\/dhumanidades.xoc.uam.mx\/?page_id=497\" target=\"_blank\" rel=\"noopener\">Semblanza Curricular<\/a>\n              <\/div>\n            <\/div>\n          <\/div>\n        <\/div>\n    \n        <div class=\"col-sm-6 profile-box\">\n          <div class=\"row\">\n            <div class=\"col-sm-4\">\n              <a class=\"image-link\" data-lightbox data-lightbox-gallery=\"team\" href=\"https:\/\/dhumanidades.xoc.uam.mx\/wp-content\/uploads\/2017\/02\/DSC_0380-e1486396961798.jpg\" title=\"Dra. Tatiana Sor\u00f3kina\">\n                <i class=\"fa-icon-envelope-alt\"><\/i>\n                <img loading=\"lazy\" decoding=\"async\" alt=\"David Doe\" width=\"165\" height=\"165\" src=\"https:\/\/dhumanidades.xoc.uam.mx\/wp-content\/uploads\/2017\/02\/DSC_0380-e1486396961798.jpg\" \/>\n              <\/a>\n            <\/div>\n            <div class=\"col-sm-8\">\n              <h3 class=\"name\">Dra. Tatiana Sor\u00f3kina<\/h3>\n              <h4 class=\"position\">Profesora-investigadora de tiempo completo titular 'C' de la Universidad Aut\u00f3noma Metropolitana, Unidad Xochimilco<\/h4>\n              <p><\/p>\n              <div class=\"links\">\n                <a title=\"Dra. Tatiana Sorokina\" href=\"https:\/\/dhumanidades.xoc.uam.mx\/?page_id=499\" target=\"_blank\" rel=\"noopener\">Semblanza Curricular<\/a>\n              <\/div>\n            <\/div>\n          <\/div>\n        <\/div>\n    <\/div><div class=\"row\">\n        <div class=\"col-sm-6 profile-box\">\n          <div class=\"row\">\n            <div class=\"col-sm-4\">\n              <a class=\"image-link\" data-lightbox data-lightbox-gallery=\"team\" href=\"https:\/\/dhumanidades.xoc.uam.mx\/wp-content\/uploads\/2017\/02\/Taller-mexicana_0.jpg\" title=\"Dra. Araceli Soni\">\n                <i class=\"fa-icon-envelope-alt\"><\/i>\n                <img loading=\"lazy\" decoding=\"async\" alt=\"David Doe\" width=\"165\" height=\"165\" src=\"https:\/\/dhumanidades.xoc.uam.mx\/wp-content\/uploads\/2017\/02\/Taller-mexicana_0.jpg\" \/>\n              <\/a>\n            <\/div>\n            <div class=\"col-sm-8\">\n              <h3 class=\"name\">Dra. Araceli Soni<\/h3>\n              <h4 class=\"position\">Profesora-investigadora de tiempo completo titular 'C' de la Universidad Aut\u00f3noma Metropolitana, Unidad Xochimilco<\/h4>\n              <p><\/p>\n              <div class=\"links\">\n                <a title=\"Dra. Araceli Soni\" href=\"https:\/\/dhumanidades.xoc.uam.mx\/?page_id=501\" target=\"_blank\" rel=\"noopener\">Semblanza Curricular<\/a>\n              <\/div>\n            <\/div>\n          <\/div>\n        <\/div>\n    \n        <div class=\"col-sm-6 profile-box\">\n          <div class=\"row\">\n            <div class=\"col-sm-4\">\n              <a class=\"image-link\" data-lightbox data-lightbox-gallery=\"team\" href=\"https:\/\/dhumanidades.xoc.uam.mx\/wp-content\/uploads\/2017\/02\/saavedra-2-e1487173849296.jpg\" title=\"Dra. Isis Saavedra Luna\">\n                <i class=\"fa-icon-envelope-alt\"><\/i>\n                <img loading=\"lazy\" decoding=\"async\" alt=\"David Doe\" width=\"165\" height=\"165\" src=\"https:\/\/dhumanidades.xoc.uam.mx\/wp-content\/uploads\/2017\/02\/saavedra-2-e1487173849296.jpg\" \/>\n              <\/a>\n            <\/div>\n            <div class=\"col-sm-8\">\n              <h3 class=\"name\">Dra. Isis Saavedra Luna<\/h3>\n              <h4 class=\"position\">Profesora-investigadora de tiempo completo titular 'C' de la Universidad Aut\u00f3noma Metropolitana, Unidad Xochimilco<\/h4>\n              <p><\/p>\n              <div class=\"links\">\n                <a title=\"Dra. Isis Saavedra Luna\" href=\"https:\/\/dhumanidades.xoc.uam.mx\/?page_id=505\" target=\"_blank\" rel=\"noopener\">Semblanza Curricular<\/a>\n              <\/div>\n            <\/div>\n          <\/div>\n        <\/div>\n    <\/div>\n        <\/div>\n    <\/p>\n","protected":false},"excerpt":{"rendered":"<p>Objetivos: El estudio de lo espec\u00edficamente cinematogr\u00e1fico, en particular los fundamentos y presupuestos de las teor\u00edas del cine, as\u00ed como los m\u00e9todos y modelos de [&hellip;]<\/p>\n","protected":false},"author":1,"featured_media":0,"parent":0,"menu_order":0,"comment_status":"open","ping_status":"open","template":"","meta":{"footnotes":""},"class_list":["post-27","page","type-page","status-publish","hentry"],"_links":{"self":[{"href":"https:\/\/dhumanidades.xoc.uam.mx\/index.php?rest_route=\/wp\/v2\/pages\/27","targetHints":{"allow":["GET"]}}],"collection":[{"href":"https:\/\/dhumanidades.xoc.uam.mx\/index.php?rest_route=\/wp\/v2\/pages"}],"about":[{"href":"https:\/\/dhumanidades.xoc.uam.mx\/index.php?rest_route=\/wp\/v2\/types\/page"}],"author":[{"embeddable":true,"href":"https:\/\/dhumanidades.xoc.uam.mx\/index.php?rest_route=\/wp\/v2\/users\/1"}],"replies":[{"embeddable":true,"href":"https:\/\/dhumanidades.xoc.uam.mx\/index.php?rest_route=%2Fwp%2Fv2%2Fcomments&post=27"}],"version-history":[{"count":68,"href":"https:\/\/dhumanidades.xoc.uam.mx\/index.php?rest_route=\/wp\/v2\/pages\/27\/revisions"}],"predecessor-version":[{"id":1567,"href":"https:\/\/dhumanidades.xoc.uam.mx\/index.php?rest_route=\/wp\/v2\/pages\/27\/revisions\/1567"}],"wp:attachment":[{"href":"https:\/\/dhumanidades.xoc.uam.mx\/index.php?rest_route=%2Fwp%2Fv2%2Fmedia&parent=27"}],"curies":[{"name":"wp","href":"https:\/\/api.w.org\/{rel}","templated":true}]}}