{"id":141,"date":"2017-01-30T21:24:16","date_gmt":"2017-01-30T21:24:16","guid":{"rendered":"http:\/\/dhumanidades.xoc.uam.mx\/?page_id=141"},"modified":"2017-01-31T17:27:27","modified_gmt":"2017-01-31T17:27:27","slug":"perfil-de-ingreso","status":"publish","type":"page","link":"https:\/\/dhumanidades.xoc.uam.mx\/?page_id=141","title":{"rendered":"Perfil de Ingreso"},"content":{"rendered":"<p>&nbsp;<br \/>\n&nbsp;<br \/>\n&nbsp;<br \/>\n&nbsp;<\/p>\n<p style=\"text-align: left; color:#000; font-size: 16px;\">Para ingresar al programa de Doctorado en Humanidades de la UAM Xochimilco se requiere contar con el grado de maestr\u00eda en una disciplina af\u00edn al campo de las humanidades adem\u00e1s de otros elementos enlistados en la convocatoria. Se valorar\u00e1 que el aspirante demuestre estar altamente motivado para que pueda gestionar su propio proceso de aprendizaje y desarrollar proyectos de investigaci\u00f3n de manera independiente. Ser\u00e1n designados un tutor provisional y un comit\u00e9 tutoral en el segundo trimestre del primer a\u00f1o del doctorado, mismos que fungir\u00e1n como acompa\u00f1amiento acad\u00e9mico integral durante el tiempo del programa y hasta la culminaci\u00f3n de la tesis.<\/p>\n<p>&nbsp;<br \/>\n&nbsp;<br \/>\n&nbsp;<br \/>\n&nbsp;<\/p>\n","protected":false},"excerpt":{"rendered":"<p>&nbsp; &nbsp; &nbsp; &nbsp; Para ingresar al programa de Doctorado en Humanidades de la UAM Xochimilco se requiere contar con el grado de maestr\u00eda en [&hellip;]<\/p>\n","protected":false},"author":1,"featured_media":0,"parent":0,"menu_order":0,"comment_status":"open","ping_status":"open","template":"template-empty-fullwidth.php","meta":{"footnotes":""},"class_list":["post-141","page","type-page","status-publish","hentry"],"_links":{"self":[{"href":"https:\/\/dhumanidades.xoc.uam.mx\/index.php?rest_route=\/wp\/v2\/pages\/141","targetHints":{"allow":["GET"]}}],"collection":[{"href":"https:\/\/dhumanidades.xoc.uam.mx\/index.php?rest_route=\/wp\/v2\/pages"}],"about":[{"href":"https:\/\/dhumanidades.xoc.uam.mx\/index.php?rest_route=\/wp\/v2\/types\/page"}],"author":[{"embeddable":true,"href":"https:\/\/dhumanidades.xoc.uam.mx\/index.php?rest_route=\/wp\/v2\/users\/1"}],"replies":[{"embeddable":true,"href":"https:\/\/dhumanidades.xoc.uam.mx\/index.php?rest_route=%2Fwp%2Fv2%2Fcomments&post=141"}],"version-history":[{"count":6,"href":"https:\/\/dhumanidades.xoc.uam.mx\/index.php?rest_route=\/wp\/v2\/pages\/141\/revisions"}],"predecessor-version":[{"id":201,"href":"https:\/\/dhumanidades.xoc.uam.mx\/index.php?rest_route=\/wp\/v2\/pages\/141\/revisions\/201"}],"wp:attachment":[{"href":"https:\/\/dhumanidades.xoc.uam.mx\/index.php?rest_route=%2Fwp%2Fv2%2Fmedia&parent=141"}],"curies":[{"name":"wp","href":"https:\/\/api.w.org\/{rel}","templated":true}]}}