{"id":128,"date":"2017-01-30T21:13:16","date_gmt":"2017-01-30T21:13:16","guid":{"rendered":"http:\/\/dhumanidades.xoc.uam.mx\/?page_id=128"},"modified":"2017-02-07T18:52:47","modified_gmt":"2017-02-07T18:52:47","slug":"objetivo","status":"publish","type":"page","link":"https:\/\/dhumanidades.xoc.uam.mx\/?page_id=128","title":{"rendered":"Objetivo"},"content":{"rendered":"<p>&nbsp;<br \/>\n&nbsp;<br \/>\n&nbsp;<br \/>\n&nbsp;<\/p>\n<p style=\"text-align: justify; color:#000; font-size: 16px;\">El objetivo general del Doctorado en Humanidades es formar investigadores que contribuyan al debate te\u00f3rico sobre las humanidades y a la construcci\u00f3n de perspectivas conceptuales, modelos anal\u00edticos y metodolog\u00edas de investigaci\u00f3n capaces de contribuir a la generaci\u00f3n de conocimientos significativos en el \u00e1rea, conscientes de su densidad no s\u00f3lo epistemol\u00f3gica sino tambi\u00e9n \u00e9tica y pol\u00edtica.<\/p>\n<p>&nbsp;<\/p>\n<p style=\"text-align: justify; color:#000; font-size: 16px;\">Los contenidos del Plan de Estudios incluyen terrenos como: estudios culturales y poscoloniales, teor\u00eda y an\u00e1lisis cinematogr\u00e1fico, filosof\u00eda, semi\u00f3tica, hermen\u00e9utica, teor\u00eda e interpretaci\u00f3n literaria; teor\u00eda del arte, estudios hist\u00f3ricos, y de la memoria y humanidades digitales. En este espacio acad\u00e9mico se plantea el enfoque interdisciplinar, para la generaci\u00f3n de di\u00e1logos fruct\u00edferos con significativas consecuencias \u00e9ticas, sociales, epistemol\u00f3gicas y culturales.<\/p>\n<p>&nbsp;<br \/>\n&nbsp;<br \/>\n&nbsp;<br \/>\n&nbsp;<\/p>\n","protected":false},"excerpt":{"rendered":"<p>&nbsp; &nbsp; &nbsp; &nbsp; El objetivo general del Doctorado en Humanidades es formar investigadores que contribuyan al debate te\u00f3rico sobre las humanidades y a la [&hellip;]<\/p>\n","protected":false},"author":1,"featured_media":0,"parent":0,"menu_order":0,"comment_status":"open","ping_status":"open","template":"template-empty-fullwidth.php","meta":{"footnotes":""},"class_list":["post-128","page","type-page","status-publish","hentry"],"_links":{"self":[{"href":"https:\/\/dhumanidades.xoc.uam.mx\/index.php?rest_route=\/wp\/v2\/pages\/128","targetHints":{"allow":["GET"]}}],"collection":[{"href":"https:\/\/dhumanidades.xoc.uam.mx\/index.php?rest_route=\/wp\/v2\/pages"}],"about":[{"href":"https:\/\/dhumanidades.xoc.uam.mx\/index.php?rest_route=\/wp\/v2\/types\/page"}],"author":[{"embeddable":true,"href":"https:\/\/dhumanidades.xoc.uam.mx\/index.php?rest_route=\/wp\/v2\/users\/1"}],"replies":[{"embeddable":true,"href":"https:\/\/dhumanidades.xoc.uam.mx\/index.php?rest_route=%2Fwp%2Fv2%2Fcomments&post=128"}],"version-history":[{"count":6,"href":"https:\/\/dhumanidades.xoc.uam.mx\/index.php?rest_route=\/wp\/v2\/pages\/128\/revisions"}],"predecessor-version":[{"id":770,"href":"https:\/\/dhumanidades.xoc.uam.mx\/index.php?rest_route=\/wp\/v2\/pages\/128\/revisions\/770"}],"wp:attachment":[{"href":"https:\/\/dhumanidades.xoc.uam.mx\/index.php?rest_route=%2Fwp%2Fv2%2Fmedia&parent=128"}],"curies":[{"name":"wp","href":"https:\/\/api.w.org\/{rel}","templated":true}]}}