{"id":1189,"date":"2018-12-04T17:32:08","date_gmt":"2018-12-04T17:32:08","guid":{"rendered":"http:\/\/dhumanidades.xoc.uam.mx\/?page_id=1189"},"modified":"2018-12-04T18:13:59","modified_gmt":"2018-12-04T18:13:59","slug":"dr-rodrigo-parrini","status":"publish","type":"page","link":"https:\/\/dhumanidades.xoc.uam.mx\/?page_id=1189","title":{"rendered":"Dr. Rodrigo Parrini"},"content":{"rendered":"<p><a href=\"https:\/\/dhumanidades.xoc.uam.mx\/wp-content\/uploads\/2018\/12\/Parrini.jpg\"><img loading=\"lazy\" decoding=\"async\" class=\"alignleft wp-image-1187 size-medium\" src=\"https:\/\/dhumanidades.xoc.uam.mx\/wp-content\/uploads\/2018\/12\/Parrini-225x300.jpg\" alt=\"Dr. Rodrigo Parrini\" width=\"225\" height=\"300\" srcset=\"https:\/\/dhumanidades.xoc.uam.mx\/wp-content\/uploads\/2018\/12\/Parrini-225x300.jpg 225w, https:\/\/dhumanidades.xoc.uam.mx\/wp-content\/uploads\/2018\/12\/Parrini-768x1024.jpg 768w, https:\/\/dhumanidades.xoc.uam.mx\/wp-content\/uploads\/2018\/12\/Parrini.jpg 1644w\" sizes=\"auto, (max-width: 225px) 100vw, 225px\" \/><\/a> Profesor-investigador del Departamento de Educaci\u00f3n y Comunicaci\u00f3n de la Universidad Aut\u00f3noma Metropolitana, Xochimilco. Doctor en Antropolog\u00eda por la Universidad Aut\u00f3noma Metropolitana, Iztapalapa, maestro en Estudios de G\u00e9nero por El Colegio de M\u00e9xico y licenciado en psicolog\u00eda por la Universidad de Chile. Ha realizado diversas investigaciones de corte cualitativo y publicado art\u00edculos acad\u00e9micos en el campo de la sexualidad, g\u00e9nero, corporalidad y pr\u00e1cticas culturales. Ha compilados 6 antolog\u00edas sobre g\u00e9nero, globalizaci\u00f3n, corporalidad y subjetividad y es autor de los libros Pan\u00f3pticos y Laberintos. Subjetivaci\u00f3n, deseo y corporalidad en una c\u00e1rcel de hombres (2007, El Colegio de M\u00e9xico), Falotop\u00edas. Indagaciones en la crueldad y el deseo (2016, IESCO\/CIEG-UNAM) y Deseograf\u00edas. Una antropolog\u00eda del deseo (2018, UAM\/CIEG-UNAM). Desde hace doce a\u00f1os realiza una investigaci\u00f3n etnogr\u00e1fica en una ciudad de la frontera de M\u00e9xico con Guatemala (Tenosique) sobre la producci\u00f3n social del deseo. De esa investigaci\u00f3n result\u00f3 el primer volumen de cuatro de la serie Deseograf\u00edas, que explora los contornos etnogr\u00e1ficos del deseo y la posibilidad de formular una antropolog\u00eda del deseo. En la actualidad investiga los flujos migratorios que transitan por el municipio de Tenosique, en la frontera sur de M\u00e9xico, y los procesos socio-culturales que generan en esa localidad. Colabora con la compa\u00f1\u00eda Teatro L\u00ednea de Sombra y el colectivo Teatro Ojo en un proyecto que explora los potenciales etnogr\u00e1ficos de las pr\u00e1cticas art\u00edsticas y los horizontes metodol\u00f3gicos que inaugura el di\u00e1logo entre el teatro y la antropolog\u00eda. Tambi\u00e9n coordina el proyecto Archivos del desierto, apoyado por el FONCA, que interroga los archivos art\u00edsticos sobre Ciudad Ju\u00e1rez que conserva L\u00ednea de Sombra.<\/p>\n<p>&nbsp;<\/p>\n<p>&nbsp;<\/p>\n<p>&nbsp;<\/p>\n\n        <div class=\"panel panel-bordered mg-b\" style=\"border-color: #00486a\">\n            \n                <div class=\"panel-heading\" style=\"background-color: #00486a; border-color: #00486a\">L\u00edneas de investigaci\u00f3n<\/div>\n                <div class=\"panel-body\">\n                    <\/p>\n<ul>\n<li>Antropolog\u00eda de g\u00e9nero y sexualidad<\/li>\n<li>Estudios de masculinidad<\/li>\n<li>Migraci\u00f3n y globalizaci\u00f3n<\/li>\n<li>Antropolog\u00eda del cuerpo y de los afectos<\/li>\n<\/ul>\n<p>\n                <\/div>\n            \n        <\/div>\n    \n<p>&nbsp;<\/p>\n\n        <div class=\"panel panel-bordered mg-b\" style=\"border-color: #00486a\">\n            \n                <div class=\"panel-heading\" style=\"background-color: #00486a; border-color: #00486a\">Publicaciones relevantes<\/div>\n                <div class=\"panel-body\">\n                    <\/p>\n<ul>\n<li><\/li>\n<\/ul>\n<p>\n                <\/div>\n            \n        <\/div>\n    \n<p>&nbsp;<\/p>\n\n        <div class=\"panel panel-bordered mg-b\" style=\"border-color: #00486a\">\n            \n                <div class=\"panel-heading\" style=\"background-color: #00486a; border-color: #00486a\">Sitio web<\/div>\n                <div class=\"panel-body\">\n                    <a href=\"\">Sitio web\n                <\/div>\n            \n        <\/div>\n    \n","protected":false},"excerpt":{"rendered":"<p>Profesor-investigador del Departamento de Educaci\u00f3n y Comunicaci\u00f3n de la Universidad Aut\u00f3noma Metropolitana, Xochimilco. Doctor en Antropolog\u00eda por la Universidad Aut\u00f3noma Metropolitana, Iztapalapa, maestro en Estudios [&hellip;]<\/p>\n","protected":false},"author":1,"featured_media":1187,"parent":0,"menu_order":0,"comment_status":"open","ping_status":"open","template":"template-empty-fullwidth.php","meta":{"footnotes":""},"class_list":["post-1189","page","type-page","status-publish","has-post-thumbnail","hentry"],"_links":{"self":[{"href":"https:\/\/dhumanidades.xoc.uam.mx\/index.php?rest_route=\/wp\/v2\/pages\/1189","targetHints":{"allow":["GET"]}}],"collection":[{"href":"https:\/\/dhumanidades.xoc.uam.mx\/index.php?rest_route=\/wp\/v2\/pages"}],"about":[{"href":"https:\/\/dhumanidades.xoc.uam.mx\/index.php?rest_route=\/wp\/v2\/types\/page"}],"author":[{"embeddable":true,"href":"https:\/\/dhumanidades.xoc.uam.mx\/index.php?rest_route=\/wp\/v2\/users\/1"}],"replies":[{"embeddable":true,"href":"https:\/\/dhumanidades.xoc.uam.mx\/index.php?rest_route=%2Fwp%2Fv2%2Fcomments&post=1189"}],"version-history":[{"count":7,"href":"https:\/\/dhumanidades.xoc.uam.mx\/index.php?rest_route=\/wp\/v2\/pages\/1189\/revisions"}],"predecessor-version":[{"id":1210,"href":"https:\/\/dhumanidades.xoc.uam.mx\/index.php?rest_route=\/wp\/v2\/pages\/1189\/revisions\/1210"}],"wp:featuredmedia":[{"embeddable":true,"href":"https:\/\/dhumanidades.xoc.uam.mx\/index.php?rest_route=\/wp\/v2\/media\/1187"}],"wp:attachment":[{"href":"https:\/\/dhumanidades.xoc.uam.mx\/index.php?rest_route=%2Fwp%2Fv2%2Fmedia&parent=1189"}],"curies":[{"name":"wp","href":"https:\/\/api.w.org\/{rel}","templated":true}]}}